{"id":497,"date":"2026-05-05T16:33:22","date_gmt":"2026-05-05T14:33:22","guid":{"rendered":"https:\/\/hurt-tanio.pl\/hurtownia\/bez-kategorii\/okulary-przeciwsloneczne-damskie-uv400-f-3052\/"},"modified":"2026-05-13T07:57:48","modified_gmt":"2026-05-13T05:57:48","slug":"okulary-przeciwsloneczne-damskie-uv400-f-3052","status":"publish","type":"product","link":"https:\/\/hurt-tanio.pl\/en\/hurtownia\/okulary-damskie-hurt\/okulary-przeciwsloneczne-damskie-uv400-f-3052\/","title":{"rendered":"Modne okulary przeciws\u0142oneczne Febe fashion"},"content":{"rendered":"<p>Stylowe okulary przeciws\u0142oneczne Febe zosta\u0142y stworzone z my\u015bl\u0105 o kobietach ceni\u0105cych modne dodatki fashion. Okulary przeciws\u0142oneczne damskie Febe doskonale sprawdzaj\u0105 si\u0119 podczas codziennego u\u017cytkowania. Lekka konstrukcja zapewnia komfort noszenia podczas s\u0142onecznych dni. To idealny wyb\u00f3r dla kobiet poszukuj\u0105cych modnych okular\u00f3w przeciws\u0142onecznych.<\/p>","protected":false},"excerpt":{"rendered":"<p>Damskie okulary przeciws\u0142oneczne Febe w modnym stylu fashion i casual.<\/p>","protected":false},"featured_media":496,"template":"","meta":[],"product_brand":[],"product_cat":[44],"product_tag":[65,66,64,72,76,80,70,63],"class_list":{"0":"post-497","1":"product","2":"type-product","3":"status-publish","4":"has-post-thumbnail","6":"product_cat-okulary-damskie-hurt","7":"product_tag-damskie-okulary-przeciwsloneczne","8":"product_tag-modne-okulary-damskie","9":"product_tag-modne-okulary-febe","10":"product_tag-modne-okulary-przeciwsloneczne","11":"product_tag-modowe-okulary-przeciwsloneczne","12":"product_tag-okulary-do-codziennych-stylizacji","13":"product_tag-okulary-przeciwsloneczne","14":"product_tag-okulary-przeciwsloneczne-febe","16":"first","17":"onbackorder","18":"taxable","19":"shipping-taxable","20":"product-type-simple"},"yoast_head":"<!-- This site is optimized with the Yoast SEO plugin v27.6 - https:\/\/yoast.com\/product\/yoast-seo-wordpress\/ -->\n<title>Modne okulary przeciws\u0142oneczne Febe fashion - Hurt Tanio \u2013 Hurtownia Okular\u00f3w<\/title>\n<meta name=\"robots\" content=\"index, follow, max-snippet:-1, max-image-preview:large, max-video-preview:-1\" \/>\n<link rel=\"canonical\" href=\"https:\/\/hurt-tanio.pl\/en\/hurtownia\/okulary-damskie-hurt\/okulary-przeciwsloneczne-damskie-uv400-f-3052\/\" \/>\n<meta property=\"og:locale\" content=\"en_GB\" \/>\n<meta property=\"og:type\" content=\"article\" \/>\n<meta property=\"og:title\" content=\"Modne okulary przeciws\u0142oneczne Febe fashion - Hurt Tanio \u2013 Hurtownia Okular\u00f3w\" \/>\n<meta property=\"og:description\" content=\"Damskie okulary przeciws\u0142oneczne Febe w modnym stylu fashion i casual.\" \/>\n<meta property=\"og:url\" content=\"https:\/\/hurt-tanio.pl\/en\/hurtownia\/okulary-damskie-hurt\/okulary-przeciwsloneczne-damskie-uv400-f-3052\/\" \/>\n<meta property=\"og:site_name\" content=\"Hurt Tanio \u2013 Hurtownia Okular\u00f3w\" \/>\n<meta property=\"article:modified_time\" content=\"2026-05-13T05:57:48+00:00\" \/>\n<meta property=\"og:image\" content=\"https:\/\/hurt-tanio.pl\/wp-content\/uploads\/2026\/05\/F-3052-1711543446.jpg\" \/>\n\t<meta property=\"og:image:width\" content=\"612\" \/>\n\t<meta property=\"og:image:height\" content=\"370\" \/>\n\t<meta property=\"og:image:type\" content=\"image\/jpeg\" \/>\n<meta name=\"twitter:card\" content=\"summary_large_image\" \/>\n<script type=\"application\/ld+json\" class=\"yoast-schema-graph\">{\"@context\":\"https:\\\/\\\/schema.org\",\"@graph\":[{\"@type\":\"WebPage\",\"@id\":\"https:\\\/\\\/hurt-tanio.pl\\\/hurtownia\\\/okulary-damskie-hurt\\\/okulary-przeciwsloneczne-damskie-uv400-f-3052\\\/\",\"url\":\"https:\\\/\\\/hurt-tanio.pl\\\/hurtownia\\\/okulary-damskie-hurt\\\/okulary-przeciwsloneczne-damskie-uv400-f-3052\\\/\",\"name\":\"Modne okulary przeciws\u0142oneczne Febe fashion - Hurt Tanio \u2013 Hurtownia Okular\u00f3w\",\"isPartOf\":{\"@id\":\"https:\\\/\\\/hurt-tanio.pl\\\/#website\"},\"primaryImageOfPage\":{\"@id\":\"https:\\\/\\\/hurt-tanio.pl\\\/hurtownia\\\/okulary-damskie-hurt\\\/okulary-przeciwsloneczne-damskie-uv400-f-3052\\\/#primaryimage\"},\"image\":{\"@id\":\"https:\\\/\\\/hurt-tanio.pl\\\/hurtownia\\\/okulary-damskie-hurt\\\/okulary-przeciwsloneczne-damskie-uv400-f-3052\\\/#primaryimage\"},\"thumbnailUrl\":\"https:\\\/\\\/hurt-tanio.pl\\\/wp-content\\\/uploads\\\/2026\\\/05\\\/F-3052-1711543446.jpg\",\"datePublished\":\"2026-05-05T14:33:22+00:00\",\"dateModified\":\"2026-05-13T05:57:48+00:00\",\"breadcrumb\":{\"@id\":\"https:\\\/\\\/hurt-tanio.pl\\\/hurtownia\\\/okulary-damskie-hurt\\\/okulary-przeciwsloneczne-damskie-uv400-f-3052\\\/#breadcrumb\"},\"inLanguage\":\"en-GB\",\"potentialAction\":[{\"@type\":\"ReadAction\",\"target\":[\"https:\\\/\\\/hurt-tanio.pl\\\/hurtownia\\\/okulary-damskie-hurt\\\/okulary-przeciwsloneczne-damskie-uv400-f-3052\\\/\"]}]},{\"@type\":\"ImageObject\",\"inLanguage\":\"en-GB\",\"@id\":\"https:\\\/\\\/hurt-tanio.pl\\\/hurtownia\\\/okulary-damskie-hurt\\\/okulary-przeciwsloneczne-damskie-uv400-f-3052\\\/#primaryimage\",\"url\":\"https:\\\/\\\/hurt-tanio.pl\\\/wp-content\\\/uploads\\\/2026\\\/05\\\/F-3052-1711543446.jpg\",\"contentUrl\":\"https:\\\/\\\/hurt-tanio.pl\\\/wp-content\\\/uploads\\\/2026\\\/05\\\/F-3052-1711543446.jpg\",\"width\":612,\"height\":370},{\"@type\":\"BreadcrumbList\",\"@id\":\"https:\\\/\\\/hurt-tanio.pl\\\/hurtownia\\\/okulary-damskie-hurt\\\/okulary-przeciwsloneczne-damskie-uv400-f-3052\\\/#breadcrumb\",\"itemListElement\":[{\"@type\":\"ListItem\",\"position\":1,\"name\":\"Strona g\u0142\u00f3wna\",\"item\":\"https:\\\/\\\/hurt-tanio.pl\\\/\"},{\"@type\":\"ListItem\",\"position\":2,\"name\":\"Hurtownia\",\"item\":\"https:\\\/\\\/hurt-tanio.pl\\\/hurtownia\\\/\"},{\"@type\":\"ListItem\",\"position\":3,\"name\":\"Modne okulary przeciws\u0142oneczne Febe fashion\"}]},{\"@type\":\"WebSite\",\"@id\":\"https:\\\/\\\/hurt-tanio.pl\\\/#website\",\"url\":\"https:\\\/\\\/hurt-tanio.pl\\\/\",\"name\":\"Hurt Tanio \u2013 Hurtownia Okular\u00f3w\",\"description\":\"Atrakcyjne ceny, modele kt\u00f3re si\u0119 sprzedaj\u0105\",\"publisher\":{\"@id\":\"https:\\\/\\\/hurt-tanio.pl\\\/#organization\"},\"potentialAction\":[{\"@type\":\"SearchAction\",\"target\":{\"@type\":\"EntryPoint\",\"urlTemplate\":\"https:\\\/\\\/hurt-tanio.pl\\\/?s={search_term_string}\"},\"query-input\":{\"@type\":\"PropertyValueSpecification\",\"valueRequired\":true,\"valueName\":\"search_term_string\"}}],\"inLanguage\":\"en-GB\"},{\"@type\":\"Organization\",\"@id\":\"https:\\\/\\\/hurt-tanio.pl\\\/#organization\",\"name\":\"Hurt Tanio \u2013 Hurtownia Okular\u00f3w\",\"url\":\"https:\\\/\\\/hurt-tanio.pl\\\/\",\"logo\":{\"@type\":\"ImageObject\",\"inLanguage\":\"en-GB\",\"@id\":\"https:\\\/\\\/hurt-tanio.pl\\\/#\\\/schema\\\/logo\\\/image\\\/\",\"url\":\"https:\\\/\\\/hurt-tanio.pl\\\/wp-content\\\/uploads\\\/2026\\\/05\\\/cropped-Tani-hurt-okularow.png\",\"contentUrl\":\"https:\\\/\\\/hurt-tanio.pl\\\/wp-content\\\/uploads\\\/2026\\\/05\\\/cropped-Tani-hurt-okularow.png\",\"width\":915,\"height\":228,\"caption\":\"Hurt Tanio \u2013 Hurtownia Okular\u00f3w\"},\"image\":{\"@id\":\"https:\\\/\\\/hurt-tanio.pl\\\/#\\\/schema\\\/logo\\\/image\\\/\"}}]}<\/script>\n<!-- \/ Yoast SEO plugin. -->","yoast_head_json":{"title":"Modne okulary przeciws\u0142oneczne Febe fashion - Hurt Tanio \u2013 Hurtownia Okular\u00f3w","robots":{"index":"index","follow":"follow","max-snippet":"max-snippet:-1","max-image-preview":"max-image-preview:large","max-video-preview":"max-video-preview:-1"},"canonical":"https:\/\/hurt-tanio.pl\/en\/hurtownia\/okulary-damskie-hurt\/okulary-przeciwsloneczne-damskie-uv400-f-3052\/","og_locale":"en_GB","og_type":"article","og_title":"Modne okulary przeciws\u0142oneczne Febe fashion - Hurt Tanio \u2013 Hurtownia Okular\u00f3w","og_description":"Damskie okulary przeciws\u0142oneczne Febe w modnym stylu fashion i casual.","og_url":"https:\/\/hurt-tanio.pl\/en\/hurtownia\/okulary-damskie-hurt\/okulary-przeciwsloneczne-damskie-uv400-f-3052\/","og_site_name":"Hurt Tanio \u2013 Hurtownia Okular\u00f3w","article_modified_time":"2026-05-13T05:57:48+00:00","og_image":[{"width":612,"height":370,"url":"https:\/\/hurt-tanio.pl\/wp-content\/uploads\/2026\/05\/F-3052-1711543446.jpg","type":"image\/jpeg"}],"twitter_card":"summary_large_image","schema":{"@context":"https:\/\/schema.org","@graph":[{"@type":"WebPage","@id":"https:\/\/hurt-tanio.pl\/hurtownia\/okulary-damskie-hurt\/okulary-przeciwsloneczne-damskie-uv400-f-3052\/","url":"https:\/\/hurt-tanio.pl\/hurtownia\/okulary-damskie-hurt\/okulary-przeciwsloneczne-damskie-uv400-f-3052\/","name":"Modne okulary przeciws\u0142oneczne Febe fashion - Hurt Tanio \u2013 Hurtownia Okular\u00f3w","isPartOf":{"@id":"https:\/\/hurt-tanio.pl\/#website"},"primaryImageOfPage":{"@id":"https:\/\/hurt-tanio.pl\/hurtownia\/okulary-damskie-hurt\/okulary-przeciwsloneczne-damskie-uv400-f-3052\/#primaryimage"},"image":{"@id":"https:\/\/hurt-tanio.pl\/hurtownia\/okulary-damskie-hurt\/okulary-przeciwsloneczne-damskie-uv400-f-3052\/#primaryimage"},"thumbnailUrl":"https:\/\/hurt-tanio.pl\/wp-content\/uploads\/2026\/05\/F-3052-1711543446.jpg","datePublished":"2026-05-05T14:33:22+00:00","dateModified":"2026-05-13T05:57:48+00:00","breadcrumb":{"@id":"https:\/\/hurt-tanio.pl\/hurtownia\/okulary-damskie-hurt\/okulary-przeciwsloneczne-damskie-uv400-f-3052\/#breadcrumb"},"inLanguage":"en-GB","potentialAction":[{"@type":"ReadAction","target":["https:\/\/hurt-tanio.pl\/hurtownia\/okulary-damskie-hurt\/okulary-przeciwsloneczne-damskie-uv400-f-3052\/"]}]},{"@type":"ImageObject","inLanguage":"en-GB","@id":"https:\/\/hurt-tanio.pl\/hurtownia\/okulary-damskie-hurt\/okulary-przeciwsloneczne-damskie-uv400-f-3052\/#primaryimage","url":"https:\/\/hurt-tanio.pl\/wp-content\/uploads\/2026\/05\/F-3052-1711543446.jpg","contentUrl":"https:\/\/hurt-tanio.pl\/wp-content\/uploads\/2026\/05\/F-3052-1711543446.jpg","width":612,"height":370},{"@type":"BreadcrumbList","@id":"https:\/\/hurt-tanio.pl\/hurtownia\/okulary-damskie-hurt\/okulary-przeciwsloneczne-damskie-uv400-f-3052\/#breadcrumb","itemListElement":[{"@type":"ListItem","position":1,"name":"Strona g\u0142\u00f3wna","item":"https:\/\/hurt-tanio.pl\/"},{"@type":"ListItem","position":2,"name":"Hurtownia","item":"https:\/\/hurt-tanio.pl\/hurtownia\/"},{"@type":"ListItem","position":3,"name":"Modne okulary przeciws\u0142oneczne Febe fashion"}]},{"@type":"WebSite","@id":"https:\/\/hurt-tanio.pl\/#website","url":"https:\/\/hurt-tanio.pl\/","name":"Hurt Tanio \u2013 Hurtownia Okular\u00f3w","description":"Atrakcyjne ceny, modele kt\u00f3re si\u0119 sprzedaj\u0105","publisher":{"@id":"https:\/\/hurt-tanio.pl\/#organization"},"potentialAction":[{"@type":"SearchAction","target":{"@type":"EntryPoint","urlTemplate":"https:\/\/hurt-tanio.pl\/?s={search_term_string}"},"query-input":{"@type":"PropertyValueSpecification","valueRequired":true,"valueName":"search_term_string"}}],"inLanguage":"en-GB"},{"@type":"Organization","@id":"https:\/\/hurt-tanio.pl\/#organization","name":"Hurt Tanio \u2013 Hurtownia Okular\u00f3w","url":"https:\/\/hurt-tanio.pl\/","logo":{"@type":"ImageObject","inLanguage":"en-GB","@id":"https:\/\/hurt-tanio.pl\/#\/schema\/logo\/image\/","url":"https:\/\/hurt-tanio.pl\/wp-content\/uploads\/2026\/05\/cropped-Tani-hurt-okularow.png","contentUrl":"https:\/\/hurt-tanio.pl\/wp-content\/uploads\/2026\/05\/cropped-Tani-hurt-okularow.png","width":915,"height":228,"caption":"Hurt Tanio \u2013 Hurtownia Okular\u00f3w"},"image":{"@id":"https:\/\/hurt-tanio.pl\/#\/schema\/logo\/image\/"}}]}},"_links":{"self":[{"href":"https:\/\/hurt-tanio.pl\/en\/wp-json\/wp\/v2\/product\/497","targetHints":{"allow":["GET"]}}],"collection":[{"href":"https:\/\/hurt-tanio.pl\/en\/wp-json\/wp\/v2\/product"}],"about":[{"href":"https:\/\/hurt-tanio.pl\/en\/wp-json\/wp\/v2\/types\/product"}],"wp:featuredmedia":[{"embeddable":true,"href":"https:\/\/hurt-tanio.pl\/en\/wp-json\/wp\/v2\/media\/496"}],"wp:attachment":[{"href":"https:\/\/hurt-tanio.pl\/en\/wp-json\/wp\/v2\/media?parent=497"}],"wp:term":[{"taxonomy":"product_brand","embeddable":true,"href":"https:\/\/hurt-tanio.pl\/en\/wp-json\/wp\/v2\/product_brand?post=497"},{"taxonomy":"product_cat","embeddable":true,"href":"https:\/\/hurt-tanio.pl\/en\/wp-json\/wp\/v2\/product_cat?post=497"},{"taxonomy":"product_tag","embeddable":true,"href":"https:\/\/hurt-tanio.pl\/en\/wp-json\/wp\/v2\/product_tag?post=497"}],"curies":[{"name":"wp","href":"https:\/\/api.w.org\/{rel}","templated":true}]}}