{"id":261,"date":"2026-05-03T10:01:32","date_gmt":"2026-05-03T08:01:32","guid":{"rendered":"https:\/\/hurt-tanio.pl\/?page_id=261"},"modified":"2026-05-03T10:01:32","modified_gmt":"2026-05-03T08:01:32","slug":"polityka-prywatnosci-2","status":"publish","type":"page","link":"https:\/\/hurt-tanio.pl\/en\/polityka-prywatnosci-2\/","title":{"rendered":"Polityka prywatno\u015bci"},"content":{"rendered":"","protected":false},"excerpt":{"rendered":"","protected":false},"author":1,"featured_media":0,"parent":0,"menu_order":0,"comment_status":"closed","ping_status":"closed","template":"","meta":{"footnotes":""},"class_list":["post-261","page","type-page","status-publish","hentry"],"yoast_head":"<!-- This site is optimized with the Yoast SEO plugin v27.6 - https:\/\/yoast.com\/product\/yoast-seo-wordpress\/ -->\n<title>Polityka prywatno\u015bci - Hurt Tanio \u2013 Hurtownia Okular\u00f3w<\/title>\n<meta name=\"robots\" content=\"index, follow, max-snippet:-1, max-image-preview:large, max-video-preview:-1\" \/>\n<link rel=\"canonical\" href=\"https:\/\/hurt-tanio.pl\/en\/polityka-prywatnosci-2\/\" \/>\n<meta property=\"og:locale\" content=\"en_GB\" \/>\n<meta property=\"og:type\" content=\"article\" \/>\n<meta property=\"og:title\" content=\"Polityka prywatno\u015bci - Hurt Tanio \u2013 Hurtownia Okular\u00f3w\" \/>\n<meta property=\"og:url\" content=\"https:\/\/hurt-tanio.pl\/en\/polityka-prywatnosci-2\/\" \/>\n<meta property=\"og:site_name\" content=\"Hurt Tanio \u2013 Hurtownia Okular\u00f3w\" \/>\n<meta name=\"twitter:card\" content=\"summary_large_image\" \/>\n<script type=\"application\/ld+json\" class=\"yoast-schema-graph\">{\"@context\":\"https:\\\/\\\/schema.org\",\"@graph\":[{\"@type\":\"WebPage\",\"@id\":\"https:\\\/\\\/hurt-tanio.pl\\\/polityka-prywatnosci-2\\\/\",\"url\":\"https:\\\/\\\/hurt-tanio.pl\\\/polityka-prywatnosci-2\\\/\",\"name\":\"Polityka prywatno\u015bci - Hurt Tanio \u2013 Hurtownia Okular\u00f3w\",\"isPartOf\":{\"@id\":\"https:\\\/\\\/hurt-tanio.pl\\\/#website\"},\"datePublished\":\"2026-05-03T08:01:32+00:00\",\"breadcrumb\":{\"@id\":\"https:\\\/\\\/hurt-tanio.pl\\\/polityka-prywatnosci-2\\\/#breadcrumb\"},\"inLanguage\":\"en-GB\",\"potentialAction\":[{\"@type\":\"ReadAction\",\"target\":[\"https:\\\/\\\/hurt-tanio.pl\\\/polityka-prywatnosci-2\\\/\"]}]},{\"@type\":\"BreadcrumbList\",\"@id\":\"https:\\\/\\\/hurt-tanio.pl\\\/polityka-prywatnosci-2\\\/#breadcrumb\",\"itemListElement\":[{\"@type\":\"ListItem\",\"position\":1,\"name\":\"Strona g\u0142\u00f3wna\",\"item\":\"https:\\\/\\\/hurt-tanio.pl\\\/\"},{\"@type\":\"ListItem\",\"position\":2,\"name\":\"Polityka prywatno\u015bci\"}]},{\"@type\":\"WebSite\",\"@id\":\"https:\\\/\\\/hurt-tanio.pl\\\/#website\",\"url\":\"https:\\\/\\\/hurt-tanio.pl\\\/\",\"name\":\"Hurt Tanio \u2013 Hurtownia Okular\u00f3w\",\"description\":\"Atrakcyjne ceny, modele kt\u00f3re si\u0119 sprzedaj\u0105\",\"publisher\":{\"@id\":\"https:\\\/\\\/hurt-tanio.pl\\\/#organization\"},\"potentialAction\":[{\"@type\":\"SearchAction\",\"target\":{\"@type\":\"EntryPoint\",\"urlTemplate\":\"https:\\\/\\\/hurt-tanio.pl\\\/?s={search_term_string}\"},\"query-input\":{\"@type\":\"PropertyValueSpecification\",\"valueRequired\":true,\"valueName\":\"search_term_string\"}}],\"inLanguage\":\"en-GB\"},{\"@type\":\"Organization\",\"@id\":\"https:\\\/\\\/hurt-tanio.pl\\\/#organization\",\"name\":\"Hurt Tanio \u2013 Hurtownia Okular\u00f3w\",\"url\":\"https:\\\/\\\/hurt-tanio.pl\\\/\",\"logo\":{\"@type\":\"ImageObject\",\"inLanguage\":\"en-GB\",\"@id\":\"https:\\\/\\\/hurt-tanio.pl\\\/#\\\/schema\\\/logo\\\/image\\\/\",\"url\":\"https:\\\/\\\/hurt-tanio.pl\\\/wp-content\\\/uploads\\\/2026\\\/05\\\/cropped-Tani-hurt-okularow.png\",\"contentUrl\":\"https:\\\/\\\/hurt-tanio.pl\\\/wp-content\\\/uploads\\\/2026\\\/05\\\/cropped-Tani-hurt-okularow.png\",\"width\":915,\"height\":228,\"caption\":\"Hurt Tanio \u2013 Hurtownia Okular\u00f3w\"},\"image\":{\"@id\":\"https:\\\/\\\/hurt-tanio.pl\\\/#\\\/schema\\\/logo\\\/image\\\/\"}}]}<\/script>\n<!-- \/ Yoast SEO plugin. -->","yoast_head_json":{"title":"Polityka prywatno\u015bci - Hurt Tanio \u2013 Hurtownia Okular\u00f3w","robots":{"index":"index","follow":"follow","max-snippet":"max-snippet:-1","max-image-preview":"max-image-preview:large","max-video-preview":"max-video-preview:-1"},"canonical":"https:\/\/hurt-tanio.pl\/en\/polityka-prywatnosci-2\/","og_locale":"en_GB","og_type":"article","og_title":"Polityka prywatno\u015bci - Hurt Tanio \u2013 Hurtownia Okular\u00f3w","og_url":"https:\/\/hurt-tanio.pl\/en\/polityka-prywatnosci-2\/","og_site_name":"Hurt Tanio \u2013 Hurtownia Okular\u00f3w","twitter_card":"summary_large_image","schema":{"@context":"https:\/\/schema.org","@graph":[{"@type":"WebPage","@id":"https:\/\/hurt-tanio.pl\/polityka-prywatnosci-2\/","url":"https:\/\/hurt-tanio.pl\/polityka-prywatnosci-2\/","name":"Polityka prywatno\u015bci - Hurt Tanio \u2013 Hurtownia Okular\u00f3w","isPartOf":{"@id":"https:\/\/hurt-tanio.pl\/#website"},"datePublished":"2026-05-03T08:01:32+00:00","breadcrumb":{"@id":"https:\/\/hurt-tanio.pl\/polityka-prywatnosci-2\/#breadcrumb"},"inLanguage":"en-GB","potentialAction":[{"@type":"ReadAction","target":["https:\/\/hurt-tanio.pl\/polityka-prywatnosci-2\/"]}]},{"@type":"BreadcrumbList","@id":"https:\/\/hurt-tanio.pl\/polityka-prywatnosci-2\/#breadcrumb","itemListElement":[{"@type":"ListItem","position":1,"name":"Strona g\u0142\u00f3wna","item":"https:\/\/hurt-tanio.pl\/"},{"@type":"ListItem","position":2,"name":"Polityka prywatno\u015bci"}]},{"@type":"WebSite","@id":"https:\/\/hurt-tanio.pl\/#website","url":"https:\/\/hurt-tanio.pl\/","name":"Hurt Tanio \u2013 Hurtownia Okular\u00f3w","description":"Atrakcyjne ceny, modele kt\u00f3re si\u0119 sprzedaj\u0105","publisher":{"@id":"https:\/\/hurt-tanio.pl\/#organization"},"potentialAction":[{"@type":"SearchAction","target":{"@type":"EntryPoint","urlTemplate":"https:\/\/hurt-tanio.pl\/?s={search_term_string}"},"query-input":{"@type":"PropertyValueSpecification","valueRequired":true,"valueName":"search_term_string"}}],"inLanguage":"en-GB"},{"@type":"Organization","@id":"https:\/\/hurt-tanio.pl\/#organization","name":"Hurt Tanio \u2013 Hurtownia Okular\u00f3w","url":"https:\/\/hurt-tanio.pl\/","logo":{"@type":"ImageObject","inLanguage":"en-GB","@id":"https:\/\/hurt-tanio.pl\/#\/schema\/logo\/image\/","url":"https:\/\/hurt-tanio.pl\/wp-content\/uploads\/2026\/05\/cropped-Tani-hurt-okularow.png","contentUrl":"https:\/\/hurt-tanio.pl\/wp-content\/uploads\/2026\/05\/cropped-Tani-hurt-okularow.png","width":915,"height":228,"caption":"Hurt Tanio \u2013 Hurtownia Okular\u00f3w"},"image":{"@id":"https:\/\/hurt-tanio.pl\/#\/schema\/logo\/image\/"}}]}},"rttpg_featured_image_url":null,"rttpg_author":{"display_name":"hurt","author_link":"https:\/\/hurt-tanio.pl\/en\/author\/hurt\/"},"rttpg_comment":0,"rttpg_category":null,"rttpg_excerpt":null,"_links":{"self":[{"href":"https:\/\/hurt-tanio.pl\/en\/wp-json\/wp\/v2\/pages\/261","targetHints":{"allow":["GET"]}}],"collection":[{"href":"https:\/\/hurt-tanio.pl\/en\/wp-json\/wp\/v2\/pages"}],"about":[{"href":"https:\/\/hurt-tanio.pl\/en\/wp-json\/wp\/v2\/types\/page"}],"author":[{"embeddable":true,"href":"https:\/\/hurt-tanio.pl\/en\/wp-json\/wp\/v2\/users\/1"}],"replies":[{"embeddable":true,"href":"https:\/\/hurt-tanio.pl\/en\/wp-json\/wp\/v2\/comments?post=261"}],"version-history":[{"count":1,"href":"https:\/\/hurt-tanio.pl\/en\/wp-json\/wp\/v2\/pages\/261\/revisions"}],"predecessor-version":[{"id":264,"href":"https:\/\/hurt-tanio.pl\/en\/wp-json\/wp\/v2\/pages\/261\/revisions\/264"}],"wp:attachment":[{"href":"https:\/\/hurt-tanio.pl\/en\/wp-json\/wp\/v2\/media?parent=261"}],"curies":[{"name":"wp","href":"https:\/\/api.w.org\/{rel}","templated":true}]}}