{"id":259,"date":"2026-05-03T10:01:32","date_gmt":"2026-05-03T08:01:32","guid":{"rendered":"https:\/\/hurt-tanio.pl\/?page_id=259"},"modified":"2026-05-13T08:35:49","modified_gmt":"2026-05-13T06:35:49","slug":"o-nas","status":"publish","type":"page","link":"https:\/\/hurt-tanio.pl\/en\/o-nas\/","title":{"rendered":"O nas"},"content":{"rendered":"<p>Hurt-tanio.pl to hurtownia okular\u00f3w przeciws\u0142onecznych tworzona z my\u015bl\u0105 o sklepach internetowych, salonach optycznych oraz sprzeda\u017cy detalicznej. Skupiamy si\u0119 na modelach, kt\u00f3re odpowiadaj\u0105 aktualnym trendom i maj\u0105 realny potencja\u0142 sprzeda\u017cowy.<\/p>\n<p>Nasze do\u015bwiadczenie w bran\u017cy si\u0119ga 1991 roku. Firma dzia\u0142a\u0142a jako jedna z pierwszych samoobs\u0142ugowych hurtowni okular\u00f3w w Rzeszowie, obs\u0142uguj\u0105c sklepy oraz klient\u00f3w biznesowych z r\u00f3\u017cnych region\u00f3w Polski.<\/p>\n<p>Od pocz\u0105tku dzia\u0142alno\u015bci stawiamy na prosty model wsp\u00f3\u0142pracy, szeroki wyb\u00f3r produkt\u00f3w oraz ofert\u0119 dopasowan\u0105 do realnych potrzeb rynku. Dzi\u0119ki wieloletniemu do\u015bwiadczeniu wiemy, kt\u00f3re modele dobrze rotuj\u0105 i jakie produkty najcz\u0119\u015bciej wybieraj\u0105 klienci.<\/p>\n<p>Oferta obejmuje okulary przeciws\u0142oneczne damskie, m\u0119skie, dzieci\u0119ce oraz modele polaryzacyjne. Asortyment jest regularnie rozwijany i dopasowywany do zmieniaj\u0105cych si\u0119 trend\u00f3w sprzeda\u017cowych.<\/p>\n<p>Wsp\u00f3\u0142pracujemy ze:<\/p>\n<ul>\n<li>sklepami internetowymi<\/li>\n<li>salonami optycznymi<\/li>\n<li>butikami i punktami sezonowymi<\/li>\n<li>sprzedawcami detalicznymi<\/li>\n<\/ul>\n<p>Naszym celem jest dostarczanie produkt\u00f3w, kt\u00f3re pomagaj\u0105 budowa\u0107 atrakcyjn\u0105 ofert\u0119 i zwi\u0119ksza\u0107 sprzeda\u017c w sklepach naszych partner\u00f3w.<\/p>\n<p>Hurt-tanio.pl \u0142\u0105czy wieloletnie do\u015bwiadczenie bran\u017cowe z nowoczesnym podej\u015bciem do sprzeda\u017cy hurtowej online.<\/p>\n\n\n<p><\/p>","protected":false},"excerpt":{"rendered":"<p>Hurt-tanio.pl to hurtownia okular\u00f3w przeciws\u0142onecznych tworzona z my\u015bl\u0105 o sklepach internetowych, salonach optycznych oraz sprzeda\u017cy detalicznej. Skupiamy si\u0119 na modelach, kt\u00f3re odpowiadaj\u0105 aktualnym trendom i maj\u0105 realny potencja\u0142 sprzeda\u017cowy. Nasze do\u015bwiadczenie w bran\u017cy si\u0119ga 1991 roku. Firma dzia\u0142a\u0142a jako jedna z pierwszych samoobs\u0142ugowych hurtowni okular\u00f3w w Rzeszowie, obs\u0142uguj\u0105c sklepy oraz klient\u00f3w biznesowych z r\u00f3\u017cnych region\u00f3w Polski. Od pocz\u0105tku dzia\u0142alno\u015bci stawiamy [&hellip;]<\/p>\n","protected":false},"author":1,"featured_media":0,"parent":0,"menu_order":0,"comment_status":"closed","ping_status":"closed","template":"","meta":{"footnotes":""},"class_list":["post-259","page","type-page","status-publish","hentry"],"yoast_head":"<!-- This site is optimized with the Yoast SEO plugin v27.6 - https:\/\/yoast.com\/product\/yoast-seo-wordpress\/ -->\n<title>O nas - Hurt Tanio \u2013 Hurtownia Okular\u00f3w<\/title>\n<meta name=\"robots\" content=\"index, follow, max-snippet:-1, max-image-preview:large, max-video-preview:-1\" \/>\n<link rel=\"canonical\" href=\"https:\/\/hurt-tanio.pl\/en\/o-nas\/\" \/>\n<meta property=\"og:locale\" content=\"en_GB\" \/>\n<meta property=\"og:type\" content=\"article\" \/>\n<meta property=\"og:title\" content=\"O nas - Hurt Tanio \u2013 Hurtownia Okular\u00f3w\" \/>\n<meta property=\"og:description\" content=\"Hurt-tanio.pl to hurtownia okular\u00f3w przeciws\u0142onecznych tworzona z my\u015bl\u0105 o sklepach internetowych, salonach optycznych oraz sprzeda\u017cy detalicznej. Skupiamy si\u0119 na modelach, kt\u00f3re odpowiadaj\u0105 aktualnym trendom i maj\u0105 realny potencja\u0142 sprzeda\u017cowy. Nasze do\u015bwiadczenie w bran\u017cy si\u0119ga 1991 roku. Firma dzia\u0142a\u0142a jako jedna z pierwszych samoobs\u0142ugowych hurtowni okular\u00f3w w Rzeszowie, obs\u0142uguj\u0105c sklepy oraz klient\u00f3w biznesowych z r\u00f3\u017cnych region\u00f3w Polski. Od pocz\u0105tku dzia\u0142alno\u015bci stawiamy [&hellip;]\" \/>\n<meta property=\"og:url\" content=\"https:\/\/hurt-tanio.pl\/en\/o-nas\/\" \/>\n<meta property=\"og:site_name\" content=\"Hurt Tanio \u2013 Hurtownia Okular\u00f3w\" \/>\n<meta property=\"article:modified_time\" content=\"2026-05-13T06:35:49+00:00\" \/>\n<meta name=\"twitter:card\" content=\"summary_large_image\" \/>\n<meta name=\"twitter:label1\" content=\"Estimated reading time\" \/>\n\t<meta name=\"twitter:data1\" content=\"1 minute\" \/>\n<script type=\"application\/ld+json\" class=\"yoast-schema-graph\">{\"@context\":\"https:\\\/\\\/schema.org\",\"@graph\":[{\"@type\":\"WebPage\",\"@id\":\"https:\\\/\\\/hurt-tanio.pl\\\/o-nas\\\/\",\"url\":\"https:\\\/\\\/hurt-tanio.pl\\\/o-nas\\\/\",\"name\":\"O nas - Hurt Tanio \u2013 Hurtownia Okular\u00f3w\",\"isPartOf\":{\"@id\":\"https:\\\/\\\/hurt-tanio.pl\\\/#website\"},\"datePublished\":\"2026-05-03T08:01:32+00:00\",\"dateModified\":\"2026-05-13T06:35:49+00:00\",\"breadcrumb\":{\"@id\":\"https:\\\/\\\/hurt-tanio.pl\\\/o-nas\\\/#breadcrumb\"},\"inLanguage\":\"en-GB\",\"potentialAction\":[{\"@type\":\"ReadAction\",\"target\":[\"https:\\\/\\\/hurt-tanio.pl\\\/o-nas\\\/\"]}]},{\"@type\":\"BreadcrumbList\",\"@id\":\"https:\\\/\\\/hurt-tanio.pl\\\/o-nas\\\/#breadcrumb\",\"itemListElement\":[{\"@type\":\"ListItem\",\"position\":1,\"name\":\"Strona g\u0142\u00f3wna\",\"item\":\"https:\\\/\\\/hurt-tanio.pl\\\/\"},{\"@type\":\"ListItem\",\"position\":2,\"name\":\"O nas\"}]},{\"@type\":\"WebSite\",\"@id\":\"https:\\\/\\\/hurt-tanio.pl\\\/#website\",\"url\":\"https:\\\/\\\/hurt-tanio.pl\\\/\",\"name\":\"Hurt Tanio \u2013 Hurtownia Okular\u00f3w\",\"description\":\"Atrakcyjne ceny, modele kt\u00f3re si\u0119 sprzedaj\u0105\",\"publisher\":{\"@id\":\"https:\\\/\\\/hurt-tanio.pl\\\/#organization\"},\"potentialAction\":[{\"@type\":\"SearchAction\",\"target\":{\"@type\":\"EntryPoint\",\"urlTemplate\":\"https:\\\/\\\/hurt-tanio.pl\\\/?s={search_term_string}\"},\"query-input\":{\"@type\":\"PropertyValueSpecification\",\"valueRequired\":true,\"valueName\":\"search_term_string\"}}],\"inLanguage\":\"en-GB\"},{\"@type\":\"Organization\",\"@id\":\"https:\\\/\\\/hurt-tanio.pl\\\/#organization\",\"name\":\"Hurt Tanio \u2013 Hurtownia Okular\u00f3w\",\"url\":\"https:\\\/\\\/hurt-tanio.pl\\\/\",\"logo\":{\"@type\":\"ImageObject\",\"inLanguage\":\"en-GB\",\"@id\":\"https:\\\/\\\/hurt-tanio.pl\\\/#\\\/schema\\\/logo\\\/image\\\/\",\"url\":\"https:\\\/\\\/hurt-tanio.pl\\\/wp-content\\\/uploads\\\/2026\\\/05\\\/cropped-Tani-hurt-okularow.png\",\"contentUrl\":\"https:\\\/\\\/hurt-tanio.pl\\\/wp-content\\\/uploads\\\/2026\\\/05\\\/cropped-Tani-hurt-okularow.png\",\"width\":915,\"height\":228,\"caption\":\"Hurt Tanio \u2013 Hurtownia Okular\u00f3w\"},\"image\":{\"@id\":\"https:\\\/\\\/hurt-tanio.pl\\\/#\\\/schema\\\/logo\\\/image\\\/\"}}]}<\/script>\n<!-- \/ Yoast SEO plugin. -->","yoast_head_json":{"title":"O nas - Hurt Tanio \u2013 Hurtownia Okular\u00f3w","robots":{"index":"index","follow":"follow","max-snippet":"max-snippet:-1","max-image-preview":"max-image-preview:large","max-video-preview":"max-video-preview:-1"},"canonical":"https:\/\/hurt-tanio.pl\/en\/o-nas\/","og_locale":"en_GB","og_type":"article","og_title":"O nas - Hurt Tanio \u2013 Hurtownia Okular\u00f3w","og_description":"Hurt-tanio.pl to hurtownia okular\u00f3w przeciws\u0142onecznych tworzona z my\u015bl\u0105 o sklepach internetowych, salonach optycznych oraz sprzeda\u017cy detalicznej. Skupiamy si\u0119 na modelach, kt\u00f3re odpowiadaj\u0105 aktualnym trendom i maj\u0105 realny potencja\u0142 sprzeda\u017cowy. Nasze do\u015bwiadczenie w bran\u017cy si\u0119ga 1991 roku. Firma dzia\u0142a\u0142a jako jedna z pierwszych samoobs\u0142ugowych hurtowni okular\u00f3w w Rzeszowie, obs\u0142uguj\u0105c sklepy oraz klient\u00f3w biznesowych z r\u00f3\u017cnych region\u00f3w Polski. Od pocz\u0105tku dzia\u0142alno\u015bci stawiamy [&hellip;]","og_url":"https:\/\/hurt-tanio.pl\/en\/o-nas\/","og_site_name":"Hurt Tanio \u2013 Hurtownia Okular\u00f3w","article_modified_time":"2026-05-13T06:35:49+00:00","twitter_card":"summary_large_image","twitter_misc":{"Estimated reading time":"1 minute"},"schema":{"@context":"https:\/\/schema.org","@graph":[{"@type":"WebPage","@id":"https:\/\/hurt-tanio.pl\/o-nas\/","url":"https:\/\/hurt-tanio.pl\/o-nas\/","name":"O nas - Hurt Tanio \u2013 Hurtownia Okular\u00f3w","isPartOf":{"@id":"https:\/\/hurt-tanio.pl\/#website"},"datePublished":"2026-05-03T08:01:32+00:00","dateModified":"2026-05-13T06:35:49+00:00","breadcrumb":{"@id":"https:\/\/hurt-tanio.pl\/o-nas\/#breadcrumb"},"inLanguage":"en-GB","potentialAction":[{"@type":"ReadAction","target":["https:\/\/hurt-tanio.pl\/o-nas\/"]}]},{"@type":"BreadcrumbList","@id":"https:\/\/hurt-tanio.pl\/o-nas\/#breadcrumb","itemListElement":[{"@type":"ListItem","position":1,"name":"Strona g\u0142\u00f3wna","item":"https:\/\/hurt-tanio.pl\/"},{"@type":"ListItem","position":2,"name":"O nas"}]},{"@type":"WebSite","@id":"https:\/\/hurt-tanio.pl\/#website","url":"https:\/\/hurt-tanio.pl\/","name":"Hurt Tanio \u2013 Hurtownia Okular\u00f3w","description":"Atrakcyjne ceny, modele kt\u00f3re si\u0119 sprzedaj\u0105","publisher":{"@id":"https:\/\/hurt-tanio.pl\/#organization"},"potentialAction":[{"@type":"SearchAction","target":{"@type":"EntryPoint","urlTemplate":"https:\/\/hurt-tanio.pl\/?s={search_term_string}"},"query-input":{"@type":"PropertyValueSpecification","valueRequired":true,"valueName":"search_term_string"}}],"inLanguage":"en-GB"},{"@type":"Organization","@id":"https:\/\/hurt-tanio.pl\/#organization","name":"Hurt Tanio \u2013 Hurtownia Okular\u00f3w","url":"https:\/\/hurt-tanio.pl\/","logo":{"@type":"ImageObject","inLanguage":"en-GB","@id":"https:\/\/hurt-tanio.pl\/#\/schema\/logo\/image\/","url":"https:\/\/hurt-tanio.pl\/wp-content\/uploads\/2026\/05\/cropped-Tani-hurt-okularow.png","contentUrl":"https:\/\/hurt-tanio.pl\/wp-content\/uploads\/2026\/05\/cropped-Tani-hurt-okularow.png","width":915,"height":228,"caption":"Hurt Tanio \u2013 Hurtownia Okular\u00f3w"},"image":{"@id":"https:\/\/hurt-tanio.pl\/#\/schema\/logo\/image\/"}}]}},"rttpg_featured_image_url":null,"rttpg_author":{"display_name":"hurt","author_link":"https:\/\/hurt-tanio.pl\/en\/author\/hurt\/"},"rttpg_comment":0,"rttpg_category":null,"rttpg_excerpt":"Hurt-tanio.pl to hurtownia okular\u00f3w przeciws\u0142onecznych tworzona z my\u015bl\u0105 o sklepach internetowych, salonach optycznych oraz sprzeda\u017cy detalicznej. Skupiamy si\u0119 na modelach, kt\u00f3re odpowiadaj\u0105 aktualnym trendom i maj\u0105 realny potencja\u0142 sprzeda\u017cowy. Nasze do\u015bwiadczenie w bran\u017cy si\u0119ga 1991 roku. Firma dzia\u0142a\u0142a jako jedna z pierwszych samoobs\u0142ugowych hurtowni okular\u00f3w w Rzeszowie, obs\u0142uguj\u0105c sklepy oraz klient\u00f3w biznesowych z r\u00f3\u017cnych region\u00f3w&hellip;","_links":{"self":[{"href":"https:\/\/hurt-tanio.pl\/en\/wp-json\/wp\/v2\/pages\/259","targetHints":{"allow":["GET"]}}],"collection":[{"href":"https:\/\/hurt-tanio.pl\/en\/wp-json\/wp\/v2\/pages"}],"about":[{"href":"https:\/\/hurt-tanio.pl\/en\/wp-json\/wp\/v2\/types\/page"}],"author":[{"embeddable":true,"href":"https:\/\/hurt-tanio.pl\/en\/wp-json\/wp\/v2\/users\/1"}],"replies":[{"embeddable":true,"href":"https:\/\/hurt-tanio.pl\/en\/wp-json\/wp\/v2\/comments?post=259"}],"version-history":[{"count":2,"href":"https:\/\/hurt-tanio.pl\/en\/wp-json\/wp\/v2\/pages\/259\/revisions"}],"predecessor-version":[{"id":743,"href":"https:\/\/hurt-tanio.pl\/en\/wp-json\/wp\/v2\/pages\/259\/revisions\/743"}],"wp:attachment":[{"href":"https:\/\/hurt-tanio.pl\/en\/wp-json\/wp\/v2\/media?parent=259"}],"curies":[{"name":"wp","href":"https:\/\/api.w.org\/{rel}","templated":true}]}}