{"id":190,"date":"2026-05-02T10:10:55","date_gmt":"2026-05-02T08:10:55","guid":{"rendered":"https:\/\/hurt-tanio.pl\/?page_id=190"},"modified":"2026-05-02T10:10:56","modified_gmt":"2026-05-02T08:10:56","slug":"okulary-dzieciece-hurt","status":"publish","type":"page","link":"https:\/\/hurt-tanio.pl\/en\/oferta-hurtowa\/okulary-dzieciece-hurt\/","title":{"rendered":"Okulary dzieci\u0119ce"},"content":{"rendered":"<h1>Okulary dzieci\u0119ce hurt \u2013 bezpieczne i lekkie modele dla sklep\u00f3w<\/h1>\n<p>Oferujemy okulary dzieci\u0119ce w sprzeda\u017cy hurtowej dla sklep\u00f3w internetowych, salon\u00f3w optycznych oraz punkt\u00f3w sprzeda\u017cy detalicznej. To kategoria, kt\u00f3ra \u0142\u0105czy bezpiecze\u0144stwo, funkcjonalno\u015b\u0107 i rosn\u0105ce zainteresowanie ze strony rodzic\u00f3w \u015bwiadomych ochrony wzroku swoich dzieci.<\/p>\n<p>Je\u015bli chcesz wprowadzi\u0107 do swojej oferty okulary dzieci\u0119ce, kt\u00f3re dobrze si\u0119 sprzedaj\u0105 i spe\u0142niaj\u0105 podstawowe wymagania jako\u015bciowe, ta kategoria zosta\u0142a przygotowana z my\u015bl\u0105 o Twoim biznesie.<\/p>\n<p>\u00a0<\/p>\n<h2>Hurtownia okular\u00f3w dzieci\u0119cych \u2013 co oferujemy?<\/h2>\n<p>W sprzeda\u017cy hurtowej dost\u0119pne s\u0105 modele zaprojektowane z my\u015bl\u0105 o najm\u0142odszych u\u017cytkownikach \u2013 lekkie, wygodne i dostosowane do codziennego u\u017cytkowania.<\/p>\n<ul>\n<li>okulary przeciws\u0142oneczne dla dzieci<\/li>\n<li>lekkie i elastyczne oprawki<\/li>\n<li>modele dla przedszkolak\u00f3w i starszych dzieci<\/li>\n<li>okulary z filtrem UV400<\/li>\n<li>kolorowe i atrakcyjne wizualnie fasony<\/li>\n<\/ul>\n<p>Oferta obejmuje modele dopasowane do r\u00f3\u017cnych grup wiekowych, co pozwala budowa\u0107 sp\u00f3jn\u0105 kolekcj\u0119 w sklepie.<\/p>\n<p>\u00a0<\/p>\n<h2>Dlaczego okulary dzieci\u0119ce s\u0105 wa\u017cne w sprzeda\u017cy?<\/h2>\n<p>\u015awiadomo\u015b\u0107 rodzic\u00f3w w zakresie ochrony wzroku dzieci ro\u015bnie z roku na rok. Coraz cz\u0119\u015bciej okulary przeciws\u0142oneczne nie s\u0105 traktowane jako gad\u017cet, ale jako element ochrony zdrowia.<\/p>\n<ul>\n<li>rosn\u0105ce zainteresowanie ochron\u0105 UV<\/li>\n<li>zakupy podejmowane przez rodzic\u00f3w<\/li>\n<li>nisza sprzeda\u017cowa w wielu sklepach<\/li>\n<li>mo\u017cliwo\u015b\u0107 budowania oferty dla ca\u0142ej rodziny<\/li>\n<\/ul>\n<p>Dzi\u0119ki temu okulary dzieci\u0119ce mog\u0105 by\u0107 warto\u015bciowym uzupe\u0142nieniem asortymentu.<\/p>\n<p>\u00a0<\/p>\n<h2>Najwa\u017cniejsze cechy okular\u00f3w dzieci\u0119cych<\/h2>\n<p>W przypadku produkt\u00f3w dla dzieci kluczowe znaczenie ma bezpiecze\u0144stwo i wygoda u\u017cytkowania.<\/p>\n<h3>Filtr UV400<\/h3>\n<p>Podstawowy element ochrony wzroku. Okulary powinny skutecznie chroni\u0107 przed promieniowaniem UV.<\/p>\n<h3>Lekko\u015b\u0107 i wygoda<\/h3>\n<p>Dzieci nie b\u0119d\u0105 nosi\u0107 ci\u0119\u017ckich i niewygodnych okular\u00f3w. Komfort ma bezpo\u015bredni wp\u0142yw na u\u017cytkowanie.<\/p>\n<h3>Elastyczne oprawki<\/h3>\n<p>Modele odporne na uszkodzenia sprawdzaj\u0105 si\u0119 lepiej w codziennym u\u017cytkowaniu.<\/p>\n<h3>Atrakcyjny wygl\u0105d<\/h3>\n<p>Kolorowe i ciekawe wizualnie okulary s\u0105 ch\u0119tniej wybierane przez dzieci.<\/p>\n<p>\u00a0<\/p>\n<h2>Okulary dzieci\u0119ce hurt \u2013 dla kogo?<\/h2>\n<p>Oferta skierowana jest do klient\u00f3w biznesowych, kt\u00f3rzy chc\u0105 rozszerzy\u0107 asortyment o produkty dla najm\u0142odszych.<\/p>\n<ul>\n<li>sklepy internetowe<\/li>\n<li>salony optyczne<\/li>\n<li>sklepy rodzinne i wielobran\u017cowe<\/li>\n<li>punkty sprzeda\u017cy sezonowej<\/li>\n<li>sprzedawcy detaliczni<\/li>\n<\/ul>\n<p>\u00a0<\/p>\n<h2>Jak dobra\u0107 kolekcj\u0119 okular\u00f3w dzieci\u0119cych?<\/h2>\n<p>Najlepiej sprawdzaj\u0105 si\u0119 kolekcje zr\u00f3\u017cnicowane pod wzgl\u0119dem wieku i wygl\u0105du, ale jednocze\u015bnie proste w zarz\u0105dzaniu.<\/p>\n<p>Warto uwzgl\u0119dni\u0107:<\/p>\n<ul>\n<li>modele dla m\u0142odszych dzieci (lekkie i elastyczne)<\/li>\n<li>modele dla starszych dzieci (bardziej \u201edoros\u0142e\u201d wizualnie)<\/li>\n<li>r\u00f3\u017cne kolory oprawek<\/li>\n<li>okulary z filtrem UV400<\/li>\n<\/ul>\n<p>\u00a0<\/p>\n<h2>Sezonowo\u015b\u0107 sprzeda\u017cy okular\u00f3w dzieci\u0119cych<\/h2>\n<p>Najwi\u0119kszy popyt przypada na okres wiosenno-letni oraz wakacje, kiedy dzieci sp\u0119dzaj\u0105 wi\u0119cej czasu na zewn\u0105trz. Jednak sprzeda\u017c mo\u017ce utrzymywa\u0107 si\u0119 tak\u017ce poza sezonem, szczeg\u00f3lnie w sklepach internetowych.<\/p>\n<p>Warto przygotowa\u0107 ofert\u0119 wcze\u015bniej, aby by\u0107 gotowym na wzrost zainteresowania.<\/p>\n<p>\u00a0<\/p>\n<h2>Jak zwi\u0119kszy\u0107 sprzeda\u017c okular\u00f3w dzieci\u0119cych?<\/h2>\n<p>W tej kategorii kluczowe znaczenie ma komunikacja skierowana do rodzic\u00f3w.<\/p>\n<ul>\n<li>podkre\u015blaj ochron\u0119 UV400<\/li>\n<li>pokazuj wygod\u0119 i bezpiecze\u0144stwo<\/li>\n<li>stosuj zdj\u0119cia dopasowane do grupy wiekowej<\/li>\n<li>buduj ofert\u0119 dla ca\u0142ej rodziny<\/li>\n<\/ul>\n<p>Po\u0142\u0105czenie funkcjonalno\u015bci i estetyki zwi\u0119ksza szanse na sprzeda\u017c.<\/p>\n<h2><\/h2>\n<p>Okulary dzieci\u0119ce w hurcie to kategoria, kt\u00f3ra zyskuje na znaczeniu wraz ze wzrostem \u015bwiadomo\u015bci klient\u00f3w. Odpowiednio dobrana oferta pozwala uzupe\u0142ni\u0107 asortyment sklepu i dotrze\u0107 do nowych grup odbiorc\u00f3w.<\/p>\n<p>Najwa\u017cniejsze jest po\u0142\u0105czenie bezpiecze\u0144stwa, wygody i atrakcyjnego wygl\u0105du, kt\u00f3re razem tworz\u0105 produkt ch\u0119tnie wybierany przez rodzic\u00f3w i dzieci.<\/p>","protected":false},"excerpt":{"rendered":"<p>Okulary dzieci\u0119ce hurt \u2013 bezpieczne i lekkie modele dla sklep\u00f3w Oferujemy okulary dzieci\u0119ce w sprzeda\u017cy hurtowej dla sklep\u00f3w internetowych, salon\u00f3w optycznych oraz punkt\u00f3w sprzeda\u017cy detalicznej. To kategoria, kt\u00f3ra \u0142\u0105czy bezpiecze\u0144stwo, funkcjonalno\u015b\u0107 i rosn\u0105ce zainteresowanie ze strony rodzic\u00f3w \u015bwiadomych ochrony wzroku swoich dzieci. Je\u015bli chcesz wprowadzi\u0107 do swojej oferty okulary dzieci\u0119ce, kt\u00f3re dobrze si\u0119 sprzedaj\u0105 i spe\u0142niaj\u0105 podstawowe wymagania jako\u015bciowe, ta [&hellip;]<\/p>\n","protected":false},"author":1,"featured_media":0,"parent":148,"menu_order":0,"comment_status":"closed","ping_status":"closed","template":"","meta":{"footnotes":""},"class_list":["post-190","page","type-page","status-publish","hentry"],"yoast_head":"<!-- This site is optimized with the Yoast SEO plugin v27.6 - https:\/\/yoast.com\/product\/yoast-seo-wordpress\/ -->\n<title>Okulary dzieci\u0119ce - Hurt Tanio \u2013 Hurtownia Okular\u00f3w<\/title>\n<meta name=\"robots\" content=\"index, follow, max-snippet:-1, max-image-preview:large, max-video-preview:-1\" \/>\n<link rel=\"canonical\" href=\"https:\/\/hurt-tanio.pl\/en\/oferta-hurtowa\/okulary-dzieciece-hurt\/\" \/>\n<meta property=\"og:locale\" content=\"en_GB\" \/>\n<meta property=\"og:type\" content=\"article\" \/>\n<meta property=\"og:title\" content=\"Okulary dzieci\u0119ce - Hurt Tanio \u2013 Hurtownia Okular\u00f3w\" \/>\n<meta property=\"og:description\" content=\"Okulary dzieci\u0119ce hurt \u2013 bezpieczne i lekkie modele dla sklep\u00f3w Oferujemy okulary dzieci\u0119ce w sprzeda\u017cy hurtowej dla sklep\u00f3w internetowych, salon\u00f3w optycznych oraz punkt\u00f3w sprzeda\u017cy detalicznej. To kategoria, kt\u00f3ra \u0142\u0105czy bezpiecze\u0144stwo, funkcjonalno\u015b\u0107 i rosn\u0105ce zainteresowanie ze strony rodzic\u00f3w \u015bwiadomych ochrony wzroku swoich dzieci. Je\u015bli chcesz wprowadzi\u0107 do swojej oferty okulary dzieci\u0119ce, kt\u00f3re dobrze si\u0119 sprzedaj\u0105 i spe\u0142niaj\u0105 podstawowe wymagania jako\u015bciowe, ta [&hellip;]\" \/>\n<meta property=\"og:url\" content=\"https:\/\/hurt-tanio.pl\/en\/oferta-hurtowa\/okulary-dzieciece-hurt\/\" \/>\n<meta property=\"og:site_name\" content=\"Hurt Tanio \u2013 Hurtownia Okular\u00f3w\" \/>\n<meta property=\"article:modified_time\" content=\"2026-05-02T08:10:56+00:00\" \/>\n<meta name=\"twitter:card\" content=\"summary_large_image\" \/>\n<meta name=\"twitter:label1\" content=\"Estimated reading time\" \/>\n\t<meta name=\"twitter:data1\" content=\"3 minutes\" \/>\n<script type=\"application\/ld+json\" class=\"yoast-schema-graph\">{\"@context\":\"https:\\\/\\\/schema.org\",\"@graph\":[{\"@type\":\"WebPage\",\"@id\":\"https:\\\/\\\/hurt-tanio.pl\\\/oferta-hurtowa\\\/okulary-dzieciece-hurt\\\/\",\"url\":\"https:\\\/\\\/hurt-tanio.pl\\\/oferta-hurtowa\\\/okulary-dzieciece-hurt\\\/\",\"name\":\"Okulary dzieci\u0119ce - Hurt Tanio \u2013 Hurtownia Okular\u00f3w\",\"isPartOf\":{\"@id\":\"https:\\\/\\\/hurt-tanio.pl\\\/#website\"},\"datePublished\":\"2026-05-02T08:10:55+00:00\",\"dateModified\":\"2026-05-02T08:10:56+00:00\",\"breadcrumb\":{\"@id\":\"https:\\\/\\\/hurt-tanio.pl\\\/oferta-hurtowa\\\/okulary-dzieciece-hurt\\\/#breadcrumb\"},\"inLanguage\":\"en-GB\",\"potentialAction\":[{\"@type\":\"ReadAction\",\"target\":[\"https:\\\/\\\/hurt-tanio.pl\\\/oferta-hurtowa\\\/okulary-dzieciece-hurt\\\/\"]}]},{\"@type\":\"BreadcrumbList\",\"@id\":\"https:\\\/\\\/hurt-tanio.pl\\\/oferta-hurtowa\\\/okulary-dzieciece-hurt\\\/#breadcrumb\",\"itemListElement\":[{\"@type\":\"ListItem\",\"position\":1,\"name\":\"Strona g\u0142\u00f3wna\",\"item\":\"https:\\\/\\\/hurt-tanio.pl\\\/\"},{\"@type\":\"ListItem\",\"position\":2,\"name\":\"Oferta hurtowa\",\"item\":\"https:\\\/\\\/hurt-tanio.pl\\\/oferta-hurtowa\\\/\"},{\"@type\":\"ListItem\",\"position\":3,\"name\":\"Okulary dzieci\u0119ce\"}]},{\"@type\":\"WebSite\",\"@id\":\"https:\\\/\\\/hurt-tanio.pl\\\/#website\",\"url\":\"https:\\\/\\\/hurt-tanio.pl\\\/\",\"name\":\"Hurt Tanio \u2013 Hurtownia Okular\u00f3w\",\"description\":\"Atrakcyjne ceny, modele kt\u00f3re si\u0119 sprzedaj\u0105\",\"publisher\":{\"@id\":\"https:\\\/\\\/hurt-tanio.pl\\\/#organization\"},\"potentialAction\":[{\"@type\":\"SearchAction\",\"target\":{\"@type\":\"EntryPoint\",\"urlTemplate\":\"https:\\\/\\\/hurt-tanio.pl\\\/?s={search_term_string}\"},\"query-input\":{\"@type\":\"PropertyValueSpecification\",\"valueRequired\":true,\"valueName\":\"search_term_string\"}}],\"inLanguage\":\"en-GB\"},{\"@type\":\"Organization\",\"@id\":\"https:\\\/\\\/hurt-tanio.pl\\\/#organization\",\"name\":\"Hurt Tanio \u2013 Hurtownia Okular\u00f3w\",\"url\":\"https:\\\/\\\/hurt-tanio.pl\\\/\",\"logo\":{\"@type\":\"ImageObject\",\"inLanguage\":\"en-GB\",\"@id\":\"https:\\\/\\\/hurt-tanio.pl\\\/#\\\/schema\\\/logo\\\/image\\\/\",\"url\":\"https:\\\/\\\/hurt-tanio.pl\\\/wp-content\\\/uploads\\\/2026\\\/05\\\/cropped-Tani-hurt-okularow.png\",\"contentUrl\":\"https:\\\/\\\/hurt-tanio.pl\\\/wp-content\\\/uploads\\\/2026\\\/05\\\/cropped-Tani-hurt-okularow.png\",\"width\":915,\"height\":228,\"caption\":\"Hurt Tanio \u2013 Hurtownia Okular\u00f3w\"},\"image\":{\"@id\":\"https:\\\/\\\/hurt-tanio.pl\\\/#\\\/schema\\\/logo\\\/image\\\/\"}}]}<\/script>\n<!-- \/ Yoast SEO plugin. -->","yoast_head_json":{"title":"Okulary dzieci\u0119ce - Hurt Tanio \u2013 Hurtownia Okular\u00f3w","robots":{"index":"index","follow":"follow","max-snippet":"max-snippet:-1","max-image-preview":"max-image-preview:large","max-video-preview":"max-video-preview:-1"},"canonical":"https:\/\/hurt-tanio.pl\/en\/oferta-hurtowa\/okulary-dzieciece-hurt\/","og_locale":"en_GB","og_type":"article","og_title":"Okulary dzieci\u0119ce - Hurt Tanio \u2013 Hurtownia Okular\u00f3w","og_description":"Okulary dzieci\u0119ce hurt \u2013 bezpieczne i lekkie modele dla sklep\u00f3w Oferujemy okulary dzieci\u0119ce w sprzeda\u017cy hurtowej dla sklep\u00f3w internetowych, salon\u00f3w optycznych oraz punkt\u00f3w sprzeda\u017cy detalicznej. To kategoria, kt\u00f3ra \u0142\u0105czy bezpiecze\u0144stwo, funkcjonalno\u015b\u0107 i rosn\u0105ce zainteresowanie ze strony rodzic\u00f3w \u015bwiadomych ochrony wzroku swoich dzieci. Je\u015bli chcesz wprowadzi\u0107 do swojej oferty okulary dzieci\u0119ce, kt\u00f3re dobrze si\u0119 sprzedaj\u0105 i spe\u0142niaj\u0105 podstawowe wymagania jako\u015bciowe, ta [&hellip;]","og_url":"https:\/\/hurt-tanio.pl\/en\/oferta-hurtowa\/okulary-dzieciece-hurt\/","og_site_name":"Hurt Tanio \u2013 Hurtownia Okular\u00f3w","article_modified_time":"2026-05-02T08:10:56+00:00","twitter_card":"summary_large_image","twitter_misc":{"Estimated reading time":"3 minutes"},"schema":{"@context":"https:\/\/schema.org","@graph":[{"@type":"WebPage","@id":"https:\/\/hurt-tanio.pl\/oferta-hurtowa\/okulary-dzieciece-hurt\/","url":"https:\/\/hurt-tanio.pl\/oferta-hurtowa\/okulary-dzieciece-hurt\/","name":"Okulary dzieci\u0119ce - Hurt Tanio \u2013 Hurtownia Okular\u00f3w","isPartOf":{"@id":"https:\/\/hurt-tanio.pl\/#website"},"datePublished":"2026-05-02T08:10:55+00:00","dateModified":"2026-05-02T08:10:56+00:00","breadcrumb":{"@id":"https:\/\/hurt-tanio.pl\/oferta-hurtowa\/okulary-dzieciece-hurt\/#breadcrumb"},"inLanguage":"en-GB","potentialAction":[{"@type":"ReadAction","target":["https:\/\/hurt-tanio.pl\/oferta-hurtowa\/okulary-dzieciece-hurt\/"]}]},{"@type":"BreadcrumbList","@id":"https:\/\/hurt-tanio.pl\/oferta-hurtowa\/okulary-dzieciece-hurt\/#breadcrumb","itemListElement":[{"@type":"ListItem","position":1,"name":"Strona g\u0142\u00f3wna","item":"https:\/\/hurt-tanio.pl\/"},{"@type":"ListItem","position":2,"name":"Oferta hurtowa","item":"https:\/\/hurt-tanio.pl\/oferta-hurtowa\/"},{"@type":"ListItem","position":3,"name":"Okulary dzieci\u0119ce"}]},{"@type":"WebSite","@id":"https:\/\/hurt-tanio.pl\/#website","url":"https:\/\/hurt-tanio.pl\/","name":"Hurt Tanio \u2013 Hurtownia Okular\u00f3w","description":"Atrakcyjne ceny, modele kt\u00f3re si\u0119 sprzedaj\u0105","publisher":{"@id":"https:\/\/hurt-tanio.pl\/#organization"},"potentialAction":[{"@type":"SearchAction","target":{"@type":"EntryPoint","urlTemplate":"https:\/\/hurt-tanio.pl\/?s={search_term_string}"},"query-input":{"@type":"PropertyValueSpecification","valueRequired":true,"valueName":"search_term_string"}}],"inLanguage":"en-GB"},{"@type":"Organization","@id":"https:\/\/hurt-tanio.pl\/#organization","name":"Hurt Tanio \u2013 Hurtownia Okular\u00f3w","url":"https:\/\/hurt-tanio.pl\/","logo":{"@type":"ImageObject","inLanguage":"en-GB","@id":"https:\/\/hurt-tanio.pl\/#\/schema\/logo\/image\/","url":"https:\/\/hurt-tanio.pl\/wp-content\/uploads\/2026\/05\/cropped-Tani-hurt-okularow.png","contentUrl":"https:\/\/hurt-tanio.pl\/wp-content\/uploads\/2026\/05\/cropped-Tani-hurt-okularow.png","width":915,"height":228,"caption":"Hurt Tanio \u2013 Hurtownia Okular\u00f3w"},"image":{"@id":"https:\/\/hurt-tanio.pl\/#\/schema\/logo\/image\/"}}]}},"rttpg_featured_image_url":null,"rttpg_author":{"display_name":"hurt","author_link":"https:\/\/hurt-tanio.pl\/en\/author\/hurt\/"},"rttpg_comment":0,"rttpg_category":null,"rttpg_excerpt":"Okulary dzieci\u0119ce hurt \u2013 bezpieczne i lekkie modele dla sklep\u00f3w Oferujemy okulary dzieci\u0119ce w sprzeda\u017cy hurtowej dla sklep\u00f3w internetowych, salon\u00f3w optycznych oraz punkt\u00f3w sprzeda\u017cy detalicznej. To kategoria, kt\u00f3ra \u0142\u0105czy bezpiecze\u0144stwo, funkcjonalno\u015b\u0107 i rosn\u0105ce zainteresowanie ze strony rodzic\u00f3w \u015bwiadomych ochrony wzroku swoich dzieci. Je\u015bli chcesz wprowadzi\u0107 do swojej oferty okulary dzieci\u0119ce, kt\u00f3re dobrze si\u0119 sprzedaj\u0105 i&hellip;","_links":{"self":[{"href":"https:\/\/hurt-tanio.pl\/en\/wp-json\/wp\/v2\/pages\/190","targetHints":{"allow":["GET"]}}],"collection":[{"href":"https:\/\/hurt-tanio.pl\/en\/wp-json\/wp\/v2\/pages"}],"about":[{"href":"https:\/\/hurt-tanio.pl\/en\/wp-json\/wp\/v2\/types\/page"}],"author":[{"embeddable":true,"href":"https:\/\/hurt-tanio.pl\/en\/wp-json\/wp\/v2\/users\/1"}],"replies":[{"embeddable":true,"href":"https:\/\/hurt-tanio.pl\/en\/wp-json\/wp\/v2\/comments?post=190"}],"version-history":[{"count":1,"href":"https:\/\/hurt-tanio.pl\/en\/wp-json\/wp\/v2\/pages\/190\/revisions"}],"predecessor-version":[{"id":191,"href":"https:\/\/hurt-tanio.pl\/en\/wp-json\/wp\/v2\/pages\/190\/revisions\/191"}],"up":[{"embeddable":true,"href":"https:\/\/hurt-tanio.pl\/en\/wp-json\/wp\/v2\/pages\/148"}],"wp:attachment":[{"href":"https:\/\/hurt-tanio.pl\/en\/wp-json\/wp\/v2\/media?parent=190"}],"curies":[{"name":"wp","href":"https:\/\/api.w.org\/{rel}","templated":true}]}}